{"id":30968,"date":"2025-06-12T20:39:34","date_gmt":"2025-06-12T20:39:34","guid":{"rendered":"https:\/\/santapauladentists.com\/?page_id=30968"},"modified":"2025-10-12T15:14:20","modified_gmt":"2025-10-12T15:14:20","slug":"terminos-condiciones","status":"publish","type":"page","link":"https:\/\/santapauladentists.com\/es\/terminos-condiciones\/","title":{"rendered":"Terminos &#038; Condiciones"},"content":{"rendered":"<style>.elementor-30968 .elementor-element.elementor-element-9aa0e5d{--display:flex;--flex-direction:column;--container-widget-width:calc( ( 1 - var( --container-widget-flex-grow ) ) * 100% );--container-widget-height:initial;--container-widget-flex-grow:0;--container-widget-align-self:initial;--flex-wrap-mobile:wrap;--align-items:center;--padding-top:60px;--padding-bottom:0px;--padding-left:0px;--padding-right:0px;}.elementor-30968 .elementor-element.elementor-element-1b534af{text-align:start;}.elementor-30968 .elementor-element.elementor-element-1b534af .elementor-heading-title{font-family:\"Akshar\", Sans-serif;font-size:42px;font-weight:700;color:#181717;}.elementor-30968 .elementor-element.elementor-element-103d754{--divider-border-style:solid;--divider-color:#D7CDCD;--divider-border-width:2px;}.elementor-30968 .elementor-element.elementor-element-103d754 .elementor-divider-separator{width:100%;}.elementor-30968 .elementor-element.elementor-element-103d754 .elementor-divider{padding-block-start:15px;padding-block-end:15px;}.elementor-30968 .elementor-element.elementor-element-05f93f7{--display:flex;--flex-direction:column;--container-widget-width:100%;--container-widget-height:initial;--container-widget-flex-grow:0;--container-widget-align-self:initial;--flex-wrap-mobile:wrap;--padding-top:30px;--padding-bottom:0px;--padding-left:0px;--padding-right:0px;}.elementor-30968 .elementor-element.elementor-element-c98032c{--display:flex;--flex-direction:row;--container-widget-width:calc( ( 1 - var( --container-widget-flex-grow ) ) * 100% );--container-widget-height:100%;--container-widget-flex-grow:1;--container-widget-align-self:stretch;--flex-wrap-mobile:wrap;--justify-content:center;--align-items:flex-start;--gap:0px 0px;--row-gap:0px;--column-gap:0px;--padding-top:0px;--padding-bottom:0px;--padding-left:0px;--padding-right:0px;}.elementor-30968 .elementor-element.elementor-element-c98032c:not(.elementor-motion-effects-element-type-background), .elementor-30968 .elementor-element.elementor-element-c98032c > .elementor-motion-effects-container > .elementor-motion-effects-layer{background-color:#FFFFFF;}.elementor-30968 .elementor-element.elementor-element-2d4ccfc{--display:flex;--flex-direction:row;--container-widget-width:calc( ( 1 - var( --container-widget-flex-grow ) ) * 100% );--container-widget-height:100%;--container-widget-flex-grow:1;--container-widget-align-self:stretch;--flex-wrap-mobile:wrap;--justify-content:center;--align-items:center;--gap:0px 0px;--row-gap:0px;--column-gap:0px;--padding-top:0px;--padding-bottom:0px;--padding-left:0px;--padding-right:0px;}.elementor-30968 .elementor-element.elementor-element-2d4ccfc.e-con{--align-self:center;}.elementor-30968 .elementor-element.elementor-element-d5187e6 img{width:35%;}.elementor-30968 .elementor-element.elementor-element-a28238b{--display:flex;--flex-direction:row;--container-widget-width:calc( ( 1 - var( --container-widget-flex-grow ) ) * 100% );--container-widget-height:100%;--container-widget-flex-grow:1;--container-widget-align-self:stretch;--flex-wrap-mobile:wrap;--justify-content:flex-start;--align-items:center;--gap:0px 0px;--row-gap:0px;--column-gap:0px;--padding-top:0px;--padding-bottom:0px;--padding-left:0px;--padding-right:0px;}.elementor-30968 .elementor-element.elementor-element-a28238b.e-con{--align-self:center;}.elementor-30968 .elementor-element.elementor-element-13dbb2c{text-align:start;}.elementor-30968 .elementor-element.elementor-element-13dbb2c .elementor-heading-title{font-size:32px;color:#181717;}.elementor-30968 .elementor-element.elementor-element-f9bdd38{--display:flex;--flex-direction:column;--container-widget-width:100%;--container-widget-height:initial;--container-widget-flex-grow:0;--container-widget-align-self:initial;--flex-wrap-mobile:wrap;--padding-top:41px;--padding-bottom:0px;--padding-left:0px;--padding-right:0px;}.elementor-30968 .elementor-element.elementor-element-e2c9ba6{text-align:start;}.elementor-30968 .elementor-element.elementor-element-e2c9ba6 .elementor-heading-title{font-size:24px;color:#181717;}.elementor-30968 .elementor-element.elementor-element-e974aa8{text-align:start;}.elementor-30968 .elementor-element.elementor-element-e974aa8 .elementor-heading-title{font-size:24px;color:#181717;}.elementor-30968 .elementor-element.elementor-element-9613a63{--display:flex;--flex-direction:column;--container-widget-width:100%;--container-widget-height:initial;--container-widget-flex-grow:0;--container-widget-align-self:initial;--flex-wrap-mobile:wrap;--padding-top:30px;--padding-bottom:0px;--padding-left:0px;--padding-right:0px;}.elementor-30968 .elementor-element.elementor-element-834dd12{--display:flex;--flex-direction:row;--container-widget-width:calc( ( 1 - var( --container-widget-flex-grow ) ) * 100% );--container-widget-height:100%;--container-widget-flex-grow:1;--container-widget-align-self:stretch;--flex-wrap-mobile:wrap;--justify-content:center;--align-items:flex-start;--gap:0px 0px;--row-gap:0px;--column-gap:0px;--padding-top:0px;--padding-bottom:0px;--padding-left:0px;--padding-right:0px;}.elementor-30968 .elementor-element.elementor-element-834dd12:not(.elementor-motion-effects-element-type-background), .elementor-30968 .elementor-element.elementor-element-834dd12 > .elementor-motion-effects-container > .elementor-motion-effects-layer{background-color:#FFFFFF;}.elementor-30968 .elementor-element.elementor-element-dd89b19{--display:flex;--flex-direction:column;--container-widget-width:calc( ( 1 - var( --container-widget-flex-grow ) ) * 100% );--container-widget-height:initial;--container-widget-flex-grow:0;--container-widget-align-self:initial;--flex-wrap-mobile:wrap;--justify-content:flex-start;--align-items:flex-start;--gap:0px 0px;--row-gap:0px;--column-gap:0px;--padding-top:0px;--padding-bottom:0px;--padding-left:0px;--padding-right:0px;}.elementor-30968 .elementor-element.elementor-element-dd89b19.e-con{--align-self:center;}.elementor-30968 .elementor-element.elementor-element-f49c295{text-align:start;}.elementor-30968 .elementor-element.elementor-element-f49c295 .elementor-heading-title{font-size:32px;color:#181717;}.elementor-30968 .elementor-element.elementor-element-9535578{--display:flex;--flex-direction:column;--container-widget-width:100%;--container-widget-height:initial;--container-widget-flex-grow:0;--container-widget-align-self:initial;--flex-wrap-mobile:wrap;--padding-top:41px;--padding-bottom:60px;--padding-left:0px;--padding-right:0px;}@media(max-width:767px){.elementor-30968 .elementor-element.elementor-element-c98032c{--min-height:80vh;--align-items:center;--container-widget-width:calc( ( 1 - var( --container-widget-flex-grow ) ) * 100% );--padding-top:20px;--padding-bottom:20px;--padding-left:20px;--padding-right:20px;}.elementor-30968 .elementor-element.elementor-element-c98032c:not(.elementor-motion-effects-element-type-background), .elementor-30968 .elementor-element.elementor-element-c98032c > .elementor-motion-effects-container > .elementor-motion-effects-layer{background-image:url(\"https:\/\/santapauladentists.com\/wp-content\/uploads\/2021\/09\/Limpieza_11zon-scaled.webp\");background-position:-397px 0px;background-size:cover;}.elementor-30968 .elementor-element.elementor-element-2d4ccfc{--min-height:80vh;--align-items:center;--container-widget-width:calc( ( 1 - var( --container-widget-flex-grow ) ) * 100% );--padding-top:20px;--padding-bottom:20px;--padding-left:20px;--padding-right:20px;}.elementor-30968 .elementor-element.elementor-element-a28238b{--min-height:80vh;--align-items:center;--container-widget-width:calc( ( 1 - var( --container-widget-flex-grow ) ) * 100% );--padding-top:20px;--padding-bottom:20px;--padding-left:20px;--padding-right:20px;}.elementor-30968 .elementor-element.elementor-element-834dd12{--min-height:80vh;--align-items:center;--container-widget-width:calc( ( 1 - var( --container-widget-flex-grow ) ) * 100% );--padding-top:20px;--padding-bottom:20px;--padding-left:20px;--padding-right:20px;}.elementor-30968 .elementor-element.elementor-element-834dd12:not(.elementor-motion-effects-element-type-background), .elementor-30968 .elementor-element.elementor-element-834dd12 > .elementor-motion-effects-container > .elementor-motion-effects-layer{background-image:url(\"https:\/\/santapauladentists.com\/wp-content\/uploads\/2021\/09\/Limpieza_11zon-scaled.webp\");background-position:-397px 0px;background-size:cover;}.elementor-30968 .elementor-element.elementor-element-dd89b19{--min-height:80vh;--align-items:center;--container-widget-width:calc( ( 1 - var( --container-widget-flex-grow ) ) * 100% );--padding-top:20px;--padding-bottom:20px;--padding-left:20px;--padding-right:20px;}}@media(min-width:768px){.elementor-30968 .elementor-element.elementor-element-05f93f7{--width:95%;}.elementor-30968 .elementor-element.elementor-element-c98032c{--width:100%;}.elementor-30968 .elementor-element.elementor-element-2d4ccfc{--width:10%;}.elementor-30968 .elementor-element.elementor-element-a28238b{--width:90%;}.elementor-30968 .elementor-element.elementor-element-9613a63{--width:95%;}.elementor-30968 .elementor-element.elementor-element-834dd12{--width:100%;}}<\/style>\t\t<div data-elementor-type=\"wp-page\" data-elementor-id=\"30968\" class=\"elementor elementor-30968 elementor-17697\" data-elementor-post-type=\"page\">\n\t\t\t\t<div class=\"elementor-element elementor-element-9aa0e5d e-flex e-con-boxed e-con e-parent\" data-id=\"9aa0e5d\" data-element_type=\"container\" data-e-type=\"container\">\n\t\t\t\t\t<div class=\"e-con-inner\">\n\t\t\t\t<div class=\"elementor-element elementor-element-1b534af elementor-widget elementor-widget-heading\" data-id=\"1b534af\" data-element_type=\"widget\" data-e-type=\"widget\" data-widget_type=\"heading.default\">\n\t\t\t\t<div class=\"elementor-widget-container\">\n\t\t\t\t\t<h1 class=\"elementor-heading-title elementor-size-default\">T\u00e9rminos &amp; Condiciones<\/h1>\t\t\t\t<\/div>\n\t\t\t\t<\/div>\n\t\t\t\t<div class=\"elementor-element elementor-element-af1c605 elementor-widget elementor-widget-text-editor\" data-id=\"af1c605\" data-element_type=\"widget\" data-e-type=\"widget\" data-widget_type=\"text-editor.default\">\n\t\t\t\t<div class=\"elementor-widget-container\">\n\t\t\t\t\t\t\t\t\t<p style=\"text-align: center;\" data-pm-slice=\"1 1 []\"><strong>T\u00e9rminos y Condiciones<\/strong><br \/><strong>\u00daltima actualizaci\u00f3n: 9 de junio de 2025<\/strong><\/p><p style=\"text-align: center;\">Lea estos t\u00e9rminos y condiciones detenidamente antes de utilizar nuestro Servicio.<\/p>\t\t\t\t\t\t\t\t<\/div>\n\t\t\t\t<\/div>\n\t\t\t\t<div class=\"elementor-element elementor-element-103d754 elementor-widget-divider--view-line elementor-widget elementor-widget-divider\" data-id=\"103d754\" data-element_type=\"widget\" data-e-type=\"widget\" data-widget_type=\"divider.default\">\n\t\t\t\t<div class=\"elementor-widget-container\">\n\t\t\t\t\t\t\t<div class=\"elementor-divider\">\n\t\t\t<span class=\"elementor-divider-separator\">\n\t\t\t\t\t\t<\/span>\n\t\t<\/div>\n\t\t\t\t\t\t<\/div>\n\t\t\t\t<\/div>\n\t\t\t\t\t<\/div>\n\t\t\t\t<\/div>\n\t\t<div class=\"elementor-element elementor-element-05f93f7 e-con-full e-flex e-con e-parent\" data-id=\"05f93f7\" data-element_type=\"container\" data-e-type=\"container\">\n\t\t<div class=\"elementor-element elementor-element-c98032c e-con-full e-flex e-con e-child\" data-id=\"c98032c\" data-element_type=\"container\" data-e-type=\"container\" data-settings=\"{&quot;background_background&quot;:&quot;classic&quot;}\">\n\t\t<div class=\"elementor-element elementor-element-2d4ccfc e-con-full e-flex e-con e-child\" data-id=\"2d4ccfc\" data-element_type=\"container\" data-e-type=\"container\">\n\t\t\t\t<div class=\"elementor-element elementor-element-d5187e6 elementor-widget elementor-widget-image\" data-id=\"d5187e6\" data-element_type=\"widget\" data-e-type=\"widget\" data-widget_type=\"image.default\">\n\t\t\t\t<div class=\"elementor-widget-container\">\n\t\t\t\t\t\t\t\t\t\t\t\t\t\t\t<img fetchpriority=\"high\" decoding=\"async\" width=\"512\" height=\"512\" src=\"https:\/\/santapauladentists.com\/wp-content\/uploads\/2024\/04\/termino.png\" class=\"attachment-large size-large wp-image-30963\" alt=\"Terms and Conditions\" srcset=\"https:\/\/santapauladentists.com\/wp-content\/uploads\/2024\/04\/termino.png 512w, https:\/\/santapauladentists.com\/wp-content\/uploads\/2024\/04\/termino-300x300.png 300w, https:\/\/santapauladentists.com\/wp-content\/uploads\/2024\/04\/termino-150x150.png 150w, https:\/\/santapauladentists.com\/wp-content\/uploads\/2024\/04\/termino-96x96.png 96w\" sizes=\"(max-width: 512px) 100vw, 512px\" \/>\t\t\t\t\t\t\t\t\t\t\t\t\t\t\t<\/div>\n\t\t\t\t<\/div>\n\t\t\t\t<\/div>\n\t\t<div class=\"elementor-element elementor-element-a28238b e-con-full e-flex e-con e-child\" data-id=\"a28238b\" data-element_type=\"container\" data-e-type=\"container\">\n\t\t\t\t<div class=\"elementor-element elementor-element-13dbb2c elementor-widget elementor-widget-heading\" data-id=\"13dbb2c\" data-element_type=\"widget\" data-e-type=\"widget\" data-widget_type=\"heading.default\">\n\t\t\t\t<div class=\"elementor-widget-container\">\n\t\t\t\t\t<h2 class=\"elementor-heading-title elementor-size-default\">Interpretaci\u00f3n y definiciones<\/h2>\t\t\t\t<\/div>\n\t\t\t\t<\/div>\n\t\t\t\t<\/div>\n\t\t\t\t<\/div>\n\t\t\t\t<\/div>\n\t\t<div class=\"elementor-element elementor-element-f9bdd38 e-flex e-con-boxed e-con e-parent\" data-id=\"f9bdd38\" data-element_type=\"container\" data-e-type=\"container\">\n\t\t\t\t\t<div class=\"e-con-inner\">\n\t\t\t\t<div class=\"elementor-element elementor-element-e2c9ba6 elementor-widget elementor-widget-heading\" data-id=\"e2c9ba6\" data-element_type=\"widget\" data-e-type=\"widget\" data-widget_type=\"heading.default\">\n\t\t\t\t<div class=\"elementor-widget-container\">\n\t\t\t\t\t<h4 class=\"elementor-heading-title elementor-size-default\">Interpretaci\u00f3n<\/h4>\t\t\t\t<\/div>\n\t\t\t\t<\/div>\n\t\t\t\t<div class=\"elementor-element elementor-element-4c0736a elementor-widget elementor-widget-text-editor\" data-id=\"4c0736a\" data-element_type=\"widget\" data-e-type=\"widget\" data-widget_type=\"text-editor.default\">\n\t\t\t\t<div class=\"elementor-widget-container\">\n\t\t\t\t\t\t\t\t\t<p>Las palabras cuya inicial aparece en may\u00fascula tienen los significados que se definen a continuaci\u00f3n. Las siguientes definiciones tendr\u00e1n el mismo significado independientemente de que aparezcan en singular o en plural.<\/p>\t\t\t\t\t\t\t\t<\/div>\n\t\t\t\t<\/div>\n\t\t\t\t<div class=\"elementor-element elementor-element-e974aa8 elementor-widget elementor-widget-heading\" data-id=\"e974aa8\" data-element_type=\"widget\" data-e-type=\"widget\" data-widget_type=\"heading.default\">\n\t\t\t\t<div class=\"elementor-widget-container\">\n\t\t\t\t\t<h4 class=\"elementor-heading-title elementor-size-default\">Definiciones<\/h4>\t\t\t\t<\/div>\n\t\t\t\t<\/div>\n\t\t\t\t<div class=\"elementor-element elementor-element-e661508 elementor-widget elementor-widget-text-editor\" data-id=\"e661508\" data-element_type=\"widget\" data-e-type=\"widget\" data-widget_type=\"text-editor.default\">\n\t\t\t\t<div class=\"elementor-widget-container\">\n\t\t\t\t\t\t\t\t\t<p>A efectos de estos T\u00e9rminos y Condiciones:<\/p><ul data-spread=\"false\"><li><strong>Cuenta<\/strong>\u00a0significa una cuenta \u00fanica creada para que Usted acceda a nuestro Servicio o a partes del mismo.<\/li><li><strong>Compa\u00f1\u00eda<\/strong>\u00a0(tambi\u00e9n referida como \u00abla Compa\u00f1\u00eda\u00bb, \u00abNosotros\u00bb, \u00abNos\u00bb o \u00abNuestro\u00bb) se refiere a DBA Channel Islands Family Dental Office, 2601 N Ventura Rd, Port Hueneme, CA 93041.<\/li><li><strong>Cookies<\/strong>\u00a0son peque\u00f1os archivos almacenados en su dispositivo por un sitio web, que contienen detalles de su historial de navegaci\u00f3n.<\/li><li><strong>Pa\u00eds<\/strong>\u00a0se refiere a: California, Estados Unidos<\/li><li><strong>Dispositivo<\/strong>\u00a0significa cualquier dispositivo que pueda acceder al Servicio como una computadora, tel\u00e9fono m\u00f3vil o tableta.<\/li><li><strong>Datos Personales<\/strong>\u00a0es cualquier informaci\u00f3n que se relacione con una persona identificada o identificable.<\/li><li><strong>Servicio<\/strong>\u00a0se refiere al Sitio Web.<\/li><li><strong>Proveedor de Servicios<\/strong>\u00a0significa cualquier persona f\u00edsica o jur\u00eddica que procese datos en nombre de la Compa\u00f1\u00eda.<\/li><li><strong>Datos de Uso<\/strong>\u00a0son los datos recopilados autom\u00e1ticamente, generados por el uso del Servicio.<\/li><li><strong>Sitio Web<\/strong>\u00a0se refiere a Channel Islands Family Dental Office, accesible en\u00a0<a role=\"link\" href=\"https:\/\/cidentist.com\/\" target=\"_blank\" rel=\"noopener\">cidentist.com<\/a><\/li><li><strong>Usted<\/strong>\u00a0significa la persona que accede o utiliza el Servicio.<\/li><\/ul><div><hr \/><\/div><p><strong>Reconocimiento<\/strong><br \/>Estos T\u00e9rminos rigen su acceso y uso del Servicio y constituyen el acuerdo entre Usted y la Compa\u00f1\u00eda. Su acceso y uso del Servicio est\u00e1n condicionados a su aceptaci\u00f3n y cumplimiento de estos T\u00e9rminos. Si no est\u00e1 de acuerdo con alguna parte, no podr\u00e1 acceder al Servicio.<\/p><p>Debe tener m\u00e1s de 18 a\u00f1os para utilizar el Servicio. No est\u00e1 permitido el uso por menores de 18 a\u00f1os.<\/p><p>Su uso del Servicio tambi\u00e9n est\u00e1 sujeto a nuestra\u00a0<a role=\"link\" href=\"https:\/\/cidentist.com\/es\/terminos-de-privacidad\/\" target=\"_blank\" rel=\"noopener\">Pol\u00edtica de Privacidad<\/a>, que describe nuestras pr\u00e1cticas respecto a los datos personales.<\/p><div><hr \/><\/div><p><strong>Enlaces a Otros Sitios Web<\/strong><br \/>Nuestro Servicio puede contener enlaces a sitios web de terceros que no son propiedad ni est\u00e1n controlados por la Compa\u00f1\u00eda. No asumimos responsabilidad por su contenido, pol\u00edticas de privacidad ni pr\u00e1cticas.<\/p><div><hr \/><\/div><p><strong>Terminaci\u00f3n<\/strong><br \/>Podemos suspender o terminar su acceso al Servicio en cualquier momento, sin previo aviso ni responsabilidad, si incumple estos T\u00e9rminos.<\/p><div><hr \/><\/div><p><strong>Limitaci\u00f3n de Responsabilidad<\/strong><br \/>En la m\u00e1xima medida permitida por la ley, la Compa\u00f1\u00eda y sus proveedores no ser\u00e1n responsables por da\u00f1os indirectos, incidentales o consecuentes. La responsabilidad total no exceder\u00e1 los $100 o la cantidad pagada por Usted a trav\u00e9s del Servicio, la que sea mayor.<\/p><div><hr \/><\/div><p><strong>Renuncia de Garant\u00edas \u00abTAL CUAL\u00bb y \u00abSEG\u00daN DISPONIBILIDAD\u00bb<\/strong><br \/>El Servicio se proporciona \u00abTAL CUAL\u00bb y \u00abSEG\u00daN DISPONIBILIDAD\u00bb. No ofrecemos garant\u00edas de ning\u00fan tipo, expresas o impl\u00edcitas, sobre el funcionamiento o disponibilidad del Servicio.<\/p><div><hr \/><\/div><p><strong>Legislaci\u00f3n Aplicable<\/strong><br \/>Estos T\u00e9rminos se rigen por las leyes de California, Estados Unidos.<\/p><div><hr \/><\/div><p><strong>Resoluci\u00f3n de Disputas<\/strong><br \/>Si tiene una disputa con nosotros, cont\u00e1ctenos primero para intentar resolverla de forma amistosa.<\/p><div><hr \/><\/div><p><strong>Para Usuarios de la UE<\/strong><br \/>Usted tiene derecho a la protecci\u00f3n de las leyes de su pa\u00eds de residencia.<\/p><div><hr \/><\/div><p><strong>Cumplimiento Legal en EE. UU.<\/strong><br \/>Usted garantiza que no se encuentra en un pa\u00eds embargado por EE. UU. ni en listas de partes prohibidas del gobierno de EE. UU.<\/p><div><hr \/><\/div><p><strong>Divisibilidad y Renuncia<\/strong><br \/>Si alguna disposici\u00f3n se considera inaplicable, las disposiciones restantes permanecer\u00e1n en vigor. La falta de aplicaci\u00f3n de un derecho no constituye renuncia al mismo.<\/p><div><hr \/><\/div><p><strong>Interpretaci\u00f3n de Traducci\u00f3n<\/strong><br \/>Si estos T\u00e9rminos se traducen, prevalecer\u00e1 la versi\u00f3n en ingl\u00e9s en caso de disputa.<\/p><div><hr \/><\/div><p><strong>Cambios en Estos T\u00e9rminos<\/strong><br \/>Podemos revisar estos T\u00e9rminos en cualquier momento. Si se hacen cambios importantes, se lo notificaremos con al menos 30 d\u00edas de anticipaci\u00f3n. Su uso continuado del Servicio implica aceptaci\u00f3n de los nuevos T\u00e9rminos.<\/p><div><hr \/><\/div><p><strong>T\u00e9rminos y Condiciones de Mensajer\u00eda SMS (Cumplimiento 10DLC)<\/strong><\/p><p><strong>Fecha de Vigencia:<\/strong>\u00a09 de junio de 2025<\/p><p>Al proporcionar su n\u00famero de tel\u00e9fono, usted acepta recibir mensajes SMS de Channel Islands Family Dental Office\u00a0<strong>solo con fines de atenci\u00f3n al cliente<\/strong>, como recordatorios de citas y soporte relacionado con servicios dentales.<\/p><p><strong>Frecuencia de Mensajes<\/strong><br \/>La frecuencia puede variar. En promedio, 1\u20132 mensajes por mes. Ni la Compa\u00f1\u00eda ni los operadores m\u00f3viles son responsables por retrasos o mensajes no entregados.<\/p><p><strong>Tarifas de Mensajes y Datos<\/strong><br \/>Pueden aplicarse tarifas de mensajes y datos seg\u00fan los t\u00e9rminos de su operador m\u00f3vil.<\/p><p><strong>Pol\u00edtica de Privacidad<\/strong><br \/>Su informaci\u00f3n se manejar\u00e1 de acuerdo con nuestra\u00a0<a role=\"link\" href=\"https:\/\/cidentist.com\/privacy-policy\/\" target=\"_blank\" rel=\"noopener\">Pol\u00edtica de Privacidad<\/a>.<\/p><p><strong>Instrucciones para Cancelar la Suscripci\u00f3n<\/strong><br \/>Puede cancelar la recepci\u00f3n de mensajes SMS en cualquier momento respondiendo\u00a0<strong>STOP<\/strong>\u00a0a cualquier mensaje. Luego, recibir\u00e1 un mensaje de confirmaci\u00f3n.<\/p><p><strong>Ayuda \/ Soporte al Cliente<\/strong><br \/>Responda con la palabra\u00a0<strong>HELP<\/strong>\u00a0para obtener ayuda. Tambi\u00e9n puede contactarnos directamente: \ud83d\udce7 Correo electr\u00f3nico:\u00a0<a role=\"link\">marketing@cidentist.com<\/a><br \/>\ud83d\udcde Tel\u00e9fono: (805) 525-1573<\/p><p><strong>Responsabilidad<\/strong><br \/>No nos responsabilizamos por cargos, errores o retrasos en la entrega de SMS ni por mensajes no entregados causados por su operador o servicios de terceros.<\/p>\t\t\t\t\t\t\t\t<\/div>\n\t\t\t\t<\/div>\n\t\t\t\t\t<\/div>\n\t\t\t\t<\/div>\n\t\t<div class=\"elementor-element elementor-element-9613a63 e-con-full e-flex e-con e-parent\" data-id=\"9613a63\" data-element_type=\"container\" data-e-type=\"container\">\n\t\t<div class=\"elementor-element elementor-element-834dd12 e-con-full e-flex e-con e-child\" data-id=\"834dd12\" data-element_type=\"container\" data-e-type=\"container\" data-settings=\"{&quot;background_background&quot;:&quot;classic&quot;}\">\n\t\t<div class=\"elementor-element elementor-element-dd89b19 e-flex e-con-boxed e-con e-child\" data-id=\"dd89b19\" data-element_type=\"container\" data-e-type=\"container\">\n\t\t\t\t\t<div class=\"e-con-inner\">\n\t\t\t\t<div class=\"elementor-element elementor-element-f49c295 elementor-widget elementor-widget-heading\" data-id=\"f49c295\" data-element_type=\"widget\" data-e-type=\"widget\" data-widget_type=\"heading.default\">\n\t\t\t\t<div class=\"elementor-widget-container\">\n\t\t\t\t\t<h2 class=\"elementor-heading-title elementor-size-default\">Contacte con nosotros<\/h2>\t\t\t\t<\/div>\n\t\t\t\t<\/div>\n\t\t\t\t\t<\/div>\n\t\t\t\t<\/div>\n\t\t\t\t<\/div>\n\t\t\t\t<\/div>\n\t\t<div class=\"elementor-element elementor-element-9535578 e-flex e-con-boxed e-con e-parent\" data-id=\"9535578\" data-element_type=\"container\" data-e-type=\"container\">\n\t\t\t\t\t<div class=\"e-con-inner\">\n\t\t\t\t<div class=\"elementor-element elementor-element-0348e0a elementor-widget elementor-widget-text-editor\" data-id=\"0348e0a\" data-element_type=\"widget\" data-e-type=\"widget\" data-widget_type=\"text-editor.default\">\n\t\t\t\t<div class=\"elementor-widget-container\">\n\t\t\t\t\t\t\t\t\t<p>Si tiene alguna pregunta sobre estas Condiciones, puede ponerse en contacto con nosotros:<\/p><ul><li style=\"list-style-type: none;\"><ul><li>Por correo electr\u00f3nico: marketing@cidentist.com<\/li><li>Visitando esta p\u00e1gina de nuestro sitio web:\u00a0<strong><span style=\"color: #000080;\"><a style=\"color: #000080;\" href=\"https:\/\/santapauladentists.com\/\">https:\/\/santapauladentists.com<\/a><\/span><\/strong><\/li><li>Por tel\u00e9fono: (805) 525-1573<\/li><\/ul><\/li><\/ul>\t\t\t\t\t\t\t\t<\/div>\n\t\t\t\t<\/div>\n\t\t\t\t\t<\/div>\n\t\t\t\t<\/div>\n\t\t\t\t<\/div>\n\t\t","protected":false},"excerpt":{"rendered":"<p>T\u00e9rminos &amp; Condiciones T\u00e9rminos y Condiciones\u00daltima actualizaci\u00f3n: 9 de junio de 2025 Lea estos t\u00e9rminos y condiciones detenidamente antes de utilizar nuestro Servicio. Interpretaci\u00f3n y definiciones Interpretaci\u00f3n Las palabras cuya inicial aparece en may\u00fascula tienen los significados que se definen a continuaci\u00f3n. Las siguientes definiciones tendr\u00e1n el mismo significado independientemente de que aparezcan en singular [&hellip;]<\/p>\n","protected":false},"author":18,"featured_media":0,"parent":0,"menu_order":0,"comment_status":"closed","ping_status":"closed","template":"","meta":{"_dh1s_disable_theme_title":"0","footnotes":""},"class_list":["post-30968","page","type-page","status-publish","hentry"],"_links":{"self":[{"href":"https:\/\/santapauladentists.com\/es\/wp-json\/wp\/v2\/pages\/30968","targetHints":{"allow":["GET"]}}],"collection":[{"href":"https:\/\/santapauladentists.com\/es\/wp-json\/wp\/v2\/pages"}],"about":[{"href":"https:\/\/santapauladentists.com\/es\/wp-json\/wp\/v2\/types\/page"}],"author":[{"embeddable":true,"href":"https:\/\/santapauladentists.com\/es\/wp-json\/wp\/v2\/users\/18"}],"replies":[{"embeddable":true,"href":"https:\/\/santapauladentists.com\/es\/wp-json\/wp\/v2\/comments?post=30968"}],"version-history":[{"count":0,"href":"https:\/\/santapauladentists.com\/es\/wp-json\/wp\/v2\/pages\/30968\/revisions"}],"wp:attachment":[{"href":"https:\/\/santapauladentists.com\/es\/wp-json\/wp\/v2\/media?parent=30968"}],"curies":[{"name":"wp","href":"https:\/\/api.w.org\/{rel}","templated":true}]}}