{"id":16516,"date":"2021-09-23T13:05:17","date_gmt":"2021-09-23T13:05:17","guid":{"rendered":"https:\/\/santapauladentists.com\/?page_id=16516"},"modified":"2025-10-12T15:14:13","modified_gmt":"2025-10-12T15:14:13","slug":"resena-qr-movil","status":"publish","type":"page","link":"https:\/\/santapauladentists.com\/es\/resena-qr-movil\/","title":{"rendered":"resena-qr-movil"},"content":{"rendered":"<p>[ux_banner height=\u00bb600px\u00bb height__sm=\u00bb120%\u00bb bg=\u00bb16218&#8243; bg_size=\u00bboriginal\u00bb bg_color=\u00bbrgb(255,255,255)\u00bb bg_overlay=\u00bbrgba(0, 0, 0, 0.23)\u00bb bg_pos=\u00bb57% 43%\u00bb]<\/p>\n<p>[text_box width=\u00bb77&#8243; width__sm=\u00bb100&#8243; scale__sm=\u00bb81&#8243; position_x=\u00bb50&#8243; position_x__sm=\u00bb50&#8243; position_y=\u00bb50&#8243; position_y__sm=\u00bb50&#8243; bg=\u00bbrgba(0, 0, 0, 0.372)\u00bb]<\/p>\n<p>[ux_text font_size=\u00bb0.75&#8243;]<\/p>\n<h1><span style=\"font-size: 2rem;\">\u00bfC\u00d3MO FUE TU CITA DENTAL? H\u00c1ZNOSLO SABER A CONTINUACI\u00d3N<\/h1>\n<p>[\/ux_text]<br \/>\n[button text=\u00bbLl\u00e1manos Ya (805) 525-1573&#8243; radius=\u00bb15&#8243; depth=\u00bb2&#8243; depth_hover=\u00bb5&#8243; link=\u00bbtel:8055251573&#8243;]<\/p>\n<p>[button text=\u00bbReserva una cita\u00bb color=\u00bbsuccess\u00bb radius=\u00bb15&#8243; depth=\u00bb2&#8243; depth_hover=\u00bb5&#8243; link=\u00bbhttps:\/\/www.appointnow.com\/?P=3080&amp;O=106&amp;PT=0&amp;campaignID=GASANTAPAULA&amp;rnd=637670367723736282&#8243;]<\/p>\n<p>[\/text_box]<\/p>\n<p>[\/ux_banner]<br \/>\n[row style=\u00bbcollapse\u00bb width=\u00bbfull-width\u00bb h_align=\u00bbcenter\u00bb]<\/p>\n<p>[col span__sm=\u00bb12&#8243; align=\u00bbcenter\u00bb]<\/p>\n<p>[section]<\/p>\n<p>[row_inner style=\u00bbsmall\u00bb width=\u00bbfull-width\u00bb]<\/p>\n<p>[col_inner span__sm=\u00bb12&#8243;]<\/p>\n<p>[title style=\u00bbcenter\u00bb text=\u00bbNuestras rese\u00f1as\u00bb tag_name=\u00bbh2&#8243; color=\u00bbrgb(167, 206, 56)\u00bb size=\u00bb167&#8243;]<\/p>\n<p>[ux_text text_align=\u00bbcenter\u00bb]<\/p>\n<p><div class=\"rpi\" style=\"\" data-id=\"3937\" data-opts='{&quot;layout&quot;:&quot;grid&quot;,&quot;style_style&quot;:&quot;1&quot;,&quot;style_stars&quot;:&quot;1&quot;,&quot;style_ava&quot;:&quot;1&quot;,&quot;head_logo&quot;:&quot;1&quot;,&quot;style_logo&quot;:&quot;1&quot;,&quot;pagination&quot;:&quot;&quot;,&quot;text_size&quot;:&quot;&quot;,&quot;hide_avatar&quot;:&quot;&quot;,&quot;hide_name&quot;:&quot;&quot;,&quot;disable_review_time&quot;:&quot;&quot;,&quot;disable_user_link&quot;:&quot;&quot;,&quot;disable_google_link&quot;:false,&quot;open_link&quot;:&quot;1&quot;,&quot;nofollow_link&quot;:&quot;1&quot;,&quot;lazy_load_img&quot;:&quot;1&quot;,&quot;time_format&quot;:&quot;&quot;,&quot;breakpoints&quot;:&quot;&quot;,&quot;reviewer_avatar_size&quot;:&quot;56&quot;,&quot;ajax_load&quot;:false,&quot;v2&quot;:false,&quot;trans&quot;:{&quot;read more&quot;:&quot;leer m\\u00e1s&quot;,&quot;review us on&quot;:&quot;danos tu opini\\u00f3n en&quot;,&quot;See all reviews&quot;:&quot;Ver todos los comentarios&quot;,&quot;More reviews&quot;:&quot;Siguientes&quot;,&quot;Response from the owner&quot;:&quot;Respuesta del propietario&quot;}}' data-exec=\"\"><div class=\"rpi-cnt rpi-col-m rpi-grid rpi-sh\" data-opts='' style=\"visibility:var(--visible, hidden)\" ><div class=\"rpi-header rpi-header_top\"><div class=\"rpi-cards\"><div class=\"rpi-card rpi-card_block\" data-provider=\"google\"><div class=\"rpi-card-inner rpi-flexwrap\"><span class=\"rpi-logos\"><span class=\"rpi-logo rpi-logo-google\"><\/span><\/span><div class=\"rpi-flex\"><div class=\"rpi-info\"><div class=\"rpi-scale\">Excelente<\/div><span class=\"rpi-stars\" style=\"--rating:4.7\">4.7<\/span><\/div><\/div><\/div><\/div><\/div><\/div><div class=\"rpi-content rpi-content_top\"><div class=\"rpi-cards\" data-offset=\"4\" data-count=\"4\"><div class=\"rpi-card\" data-provider=\"google\" data-rat=\"5\"><div class=\"rpi-card-inner\"><div class=\"rpi-flex\"><div class=\"rpi-img-wrap\"><img decoding=\"async\" class=\"rpi-img lazyload\" width=\"56\" height=\"56\" alt=\"\" onerror=\"if(this.src!='https:\/\/santapauladentists.com\/wp-content\/plugins\/business-reviews-bundle\/assets\/img\/google_avatar.png')this.data-src='https:\/\/santapauladentists.com\/wp-content\/plugins\/business-reviews-bundle\/assets\/img\/google_avatar.png';\" src=\"data:image\/svg+xml;base64,PHN2ZyB3aWR0aD0iMSIgaGVpZ2h0PSIxIiB4bWxucz0iaHR0cDovL3d3dy53My5vcmcvMjAwMC9zdmciPjwvc3ZnPg==\" style=\"--smush-placeholder-width: 56px; --smush-placeholder-aspect-ratio: 56\/56;\"><\/div><div class=\"rpi-info\"><a href=\"https:\/\/maps.google.com\/maps\/contrib\/105546707329324367039\" class=\"rpi-name\" target=\"_blank\" rel=\"noopener nofollow\" aria-label=\"Magaly Hernandez - google user profile\">Magaly Hernandez<\/a><div class=\"rpi-time\" data-time=\"1774888900000\">3 semanas ago<\/div><span class=\"rpi-stars\" style=\"--rating:5\"><\/span><\/div><\/div><div class=\"rpi-body rpi-normal-up__body\"><div class=\"rpi-text rpi-scroll\" tabindex=\"0\">This place are really nice very professional and friendly and is really clean. I really like how they taken care of us. They also spend it with good details that you don\u2019t understand that they tried to show you a different way. I really love it. I recommended to go to this place.<\/div><div class=\"rpi-media\"><img decoding=\"async\" class=\"rpi-thumb rpi-clickable lazyload\" data-src=\"https:\/\/lh3.googleusercontent.com\/gpms-cs-s\/ABJJf53kG7WavIIsIhJx3owkuYd7Oyi0M8GfcCaO-HCo_pX0DrummZnYibbmzyAtAfiC4Y3juu0mrQyGotFZg--_GVCO6O-4t38aFPbruI1Z2y6CGm0HoYu5ykewwDZYZFOqjKgoNnPWoORKT5XG=s44\" onclick=\"rpi.Utils.popup('https:\/\/lh3.googleusercontent.com\/gpms-cs-s\/ABJJf53kG7WavIIsIhJx3owkuYd7Oyi0M8GfcCaO-HCo_pX0DrummZnYibbmzyAtAfiC4Y3juu0mrQyGotFZg--_GVCO6O-4t38aFPbruI1Z2y6CGm0HoYu5ykewwDZYZFOqjKgoNnPWoORKT5XG=s0', 800, 600)\" alt=\"Photo from customer review\" src=\"data:image\/svg+xml;base64,PHN2ZyB3aWR0aD0iMSIgaGVpZ2h0PSIxIiB4bWxucz0iaHR0cDovL3d3dy53My5vcmcvMjAwMC9zdmciPjwvc3ZnPg==\"><\/div><\/div><\/div><\/div><div class=\"rpi-card\" data-provider=\"google\" data-rat=\"5\"><div class=\"rpi-card-inner\"><div class=\"rpi-flex\"><div class=\"rpi-img-wrap\"><img decoding=\"async\" class=\"rpi-img lazyload\" width=\"56\" height=\"56\" alt=\"\" onerror=\"if(this.src!='https:\/\/santapauladentists.com\/wp-content\/plugins\/business-reviews-bundle\/assets\/img\/google_avatar.png')this.data-src='https:\/\/santapauladentists.com\/wp-content\/plugins\/business-reviews-bundle\/assets\/img\/google_avatar.png';\" src=\"data:image\/svg+xml;base64,PHN2ZyB3aWR0aD0iMSIgaGVpZ2h0PSIxIiB4bWxucz0iaHR0cDovL3d3dy53My5vcmcvMjAwMC9zdmciPjwvc3ZnPg==\" style=\"--smush-placeholder-width: 56px; --smush-placeholder-aspect-ratio: 56\/56;\"><\/div><div class=\"rpi-info\"><a href=\"https:\/\/search.google.com\/local\/reviews?placeid=ChIJVdv_BwZN6IARGMlPbm-Oewk\" class=\"rpi-name\" target=\"_blank\" rel=\"noopener nofollow\" aria-label=\"Lynne Delatorre - google user profile\">Lynne Delatorre<\/a><div class=\"rpi-time\" data-time=\"1771007885000\">2 meses ago<\/div><span class=\"rpi-stars\" style=\"--rating:5\"><\/span><\/div><\/div><div class=\"rpi-body rpi-normal-up__body\"><div class=\"rpi-text rpi-scroll\" tabindex=\"0\">The staff is super friendly, the doctor is knowledgeable. They have good music playing which help take away nervinous. I highly recommend them<\/div><\/div><\/div><\/div><div class=\"rpi-card\" data-provider=\"google\" data-rat=\"4\"><div class=\"rpi-card-inner\"><div class=\"rpi-flex\"><div class=\"rpi-img-wrap\"><img decoding=\"async\" class=\"rpi-img lazyload\" width=\"56\" height=\"56\" alt=\"\" onerror=\"if(this.src!='https:\/\/santapauladentists.com\/wp-content\/plugins\/business-reviews-bundle\/assets\/img\/google_avatar.png')this.data-src='https:\/\/santapauladentists.com\/wp-content\/plugins\/business-reviews-bundle\/assets\/img\/google_avatar.png';\" src=\"data:image\/svg+xml;base64,PHN2ZyB3aWR0aD0iMSIgaGVpZ2h0PSIxIiB4bWxucz0iaHR0cDovL3d3dy53My5vcmcvMjAwMC9zdmciPjwvc3ZnPg==\" style=\"--smush-placeholder-width: 56px; --smush-placeholder-aspect-ratio: 56\/56;\"><\/div><div class=\"rpi-info\"><a href=\"https:\/\/search.google.com\/local\/reviews?placeid=ChIJEZSWb2ZO6IARag6pkhtAX-0\" class=\"rpi-name\" target=\"_blank\" rel=\"noopener nofollow\" aria-label=\"Josie Cortez - google user profile\">Josie Cortez<\/a><div class=\"rpi-time\" data-time=\"1770052370000\">3 meses ago<\/div><span class=\"rpi-stars\" style=\"--rating:4\"><\/span><\/div><\/div><div class=\"rpi-body rpi-normal-up__body\"><div class=\"rpi-text rpi-scroll\" tabindex=\"0\">Great staff I had a dental emergency.. Yuri quickly got me in and fixed me up the same day<br \/>The front desk receptionist Yuri<br \/>Was so Compassionate and understanding of my situation, and did her best to get me in to see the doctor.<br \/>The doctor did a excellent and quick work<\/div><\/div><\/div><\/div><div class=\"rpi-card\" data-provider=\"google\" data-rat=\"5\"><div class=\"rpi-card-inner\"><div class=\"rpi-flex\"><div class=\"rpi-img-wrap\"><img decoding=\"async\" class=\"rpi-img lazyload\" width=\"56\" height=\"56\" alt=\"\" onerror=\"if(this.src!='https:\/\/santapauladentists.com\/wp-content\/plugins\/business-reviews-bundle\/assets\/img\/google_avatar.png')this.data-src='https:\/\/santapauladentists.com\/wp-content\/plugins\/business-reviews-bundle\/assets\/img\/google_avatar.png';\" src=\"data:image\/svg+xml;base64,PHN2ZyB3aWR0aD0iMSIgaGVpZ2h0PSIxIiB4bWxucz0iaHR0cDovL3d3dy53My5vcmcvMjAwMC9zdmciPjwvc3ZnPg==\" style=\"--smush-placeholder-width: 56px; --smush-placeholder-aspect-ratio: 56\/56;\"><\/div><div class=\"rpi-info\"><a href=\"https:\/\/search.google.com\/local\/reviews?placeid=ChIJ96Dw3VU76IARhQmsmrgstDw\" class=\"rpi-name\" target=\"_blank\" rel=\"noopener nofollow\" aria-label=\"S. Leon - google user profile\">S. Leon<\/a><div class=\"rpi-time\" data-time=\"1765932421000\">4 meses ago<\/div><span class=\"rpi-stars\" style=\"--rating:5\"><\/span><\/div><\/div><div class=\"rpi-body rpi-normal-up__body\"><div class=\"rpi-text rpi-scroll\" tabindex=\"0\">&quot;Dr. Kevin is truly amazing! I used to dread the dentist, and was very nervous but Dr. Kevin is so gentle, explains everything, and made my cleaning pain-free. The staff are super friendly and his assistant Alexis was fantastic! Informed me of what she was doing before doing it. Today&#039;s equipment is patient friendly, making the visit painless and comfortable. I had a couple of cavities filled and sincerely had no pain. Kudos to this office, I highly recommend for anxious patients!&quot;.<\/div><\/div><\/div><\/div><\/div><\/div><\/div><script>(function(p){if(!p)return;let w=p.offsetWidth,m=function(a,b){return Math.min(a,b)===a};p.querySelector('.rpi-cnt').classList.replace('rpi-col-m','rpi-col-'+(m(w,510)?'xs':m(w,750)?'x':m(w,1050)?'s':m(w,1450)?'m':m(w,1800)?'l':'xl'))})(document.currentScript?.parentElement)<\/script><\/div><br \/>\n[\/ux_text]<br \/>\n[button text=\u00bbLeer m\u00e1s rese\u00f1as\u00bb color=\u00bbsecondary\u00bb radius=\u00bb10&#8243; link=\u00bbhttps:\/\/santapauladentists.com\/es\/resenas-dentales\/\u00bb]<\/p>\n<p>[\/col_inner]<\/p>\n<p>[\/row_inner]<\/p>\n<p>[\/section]<br \/>\n[gap height__sm=\u00bb23px\u00bb]<\/p>\n<p>[ux_text font_size=\u00bb3.5&#8243; line_height=\u00bb0.75&#8243; text_align=\u00bbcenter\u00bb]<\/p>\n<h3 style=\"text-align: center;\"><span style=\"font-size: 80%;\">Odontolog\u00eda Profesional en <\/span><a href=\"https:\/\/santapauladentists.com\/es\/\"><span class=\"fancy-underline\"><span style=\"font-size: 80%;\">Santa Paula<\/span><\/span><\/a><\/h3>\n<p style=\"text-align: center;\"><span style=\"font-size: 75%;\">D\u00e9janos tu rese\u00f1a. Es muy importante para nosotros<\/span><\/p>\n<p>[\/ux_text]<br \/>\n[button text=\u00bbSanta Paula\u00bb size=\u00bblarge\u00bb link=\u00bbhttps:\/\/santapauladentists.com\/es\/\u00bb]<\/p>\n<p>[\/col]<\/p>\n<p>[\/row]<br \/>\n[row style=\u00bbcollapse\u00bb width=\u00bbfull-width\u00bb v_align=\u00bbmiddle\u00bb h_align=\u00bbcenter\u00bb]<\/p>\n<p>[col span=\u00bb4&#8243; span__sm=\u00bb12&#8243; align=\u00bbcenter\u00bb]<\/p>\n<p>[row_inner]<\/p>\n<p>[col_inner span=\u00bb9&#8243; span__sm=\u00bb12&#8243; span__md=\u00bb9&#8243; padding__md=\u00bb0px 0px 0px 0px\u00bb margin__md=\u00bb0px 0px -31px 0px\u00bb]<\/p>\n<p>[ux_image id=\u00bb11630&#8243; image_size=\u00bboriginal\u00bb link=\u00bbhttps:\/\/g.page\/CIDentistOxnard\/review?rc\u00bb]<\/p>\n<p>[\/col_inner]<\/p>\n<p>[\/row_inner]<\/p>\n<p>[\/col]<br \/>\n[col span=\u00bb3&#8243; span__sm=\u00bb12&#8243; span__md=\u00bb3&#8243; margin=\u00bb0px 0px 0px -33px\u00bb margin__sm=\u00bb0px 0px 0px 0px\u00bb margin__md=\u00bb0px 0px 0px -18px\u00bb align=\u00bbcenter\u00bb]<\/p>\n<p>[ux_image id=\u00bb11631&#8243; image_size=\u00bboriginal\u00bb link=\u00bbhttps:\/\/www.facebook.com\/ChannelIslandsFamilyDentalOffice\/reviews\/\u00bb]<\/p>\n<p>[\/col]<br \/>\n[col span=\u00bb3&#8243; span__sm=\u00bb12&#8243; span__md=\u00bb3&#8243; align=\u00bbcenter\u00bb]<\/p>\n<p>[ux_image id=\u00bb11632&#8243; image_size=\u00bboriginal\u00bb link=\u00bbhttps:\/\/www.yelp.com\/writeareview\/biz\/CkGDKy3ksnyKkiCpqQmzYw?return_url=%2Fbiz%2FCkGDKy3ksnyKkiCpqQmzYw&amp;amp;source=biz_details_war_button\u00bb]<\/p>\n<p>[\/col]<\/p>\n<p>[\/row]<br \/>\n[row]<\/p>\n<p>[col span__sm=\u00bb12&#8243;]<\/p>\n<p>[\/col]<\/p>\n<p>[\/row]<\/p>\n","protected":false},"excerpt":{"rendered":"<p>[ux_banner height=\u00bb600px\u00bb height__sm=\u00bb120%\u00bb bg=\u00bb16218&#8243; bg_size=\u00bboriginal\u00bb bg_color=\u00bbrgb(255,255,255)\u00bb bg_overlay=\u00bbrgba(0, 0, 0, 0.23)\u00bb bg_pos=\u00bb57% 43%\u00bb] [text_box width=\u00bb77&#8243; width__sm=\u00bb100&#8243; scale__sm=\u00bb81&#8243; position_x=\u00bb50&#8243; position_x__sm=\u00bb50&#8243; position_y=\u00bb50&#8243; position_y__sm=\u00bb50&#8243; bg=\u00bbrgba(0, 0, 0, 0.372)\u00bb] [ux_text font_size=\u00bb0.75&#8243;] \u00bfC\u00d3MO FUE TU CITA DENTAL? H\u00c1ZNOSLO SABER A CONTINUACI\u00d3N [\/ux_text] [button text=\u00bbLl\u00e1manos Ya (805) 525-1573&#8243; radius=\u00bb15&#8243; depth=\u00bb2&#8243; depth_hover=\u00bb5&#8243; link=\u00bbtel:8055251573&#8243;] [button text=\u00bbReserva una cita\u00bb color=\u00bbsuccess\u00bb radius=\u00bb15&#8243; depth=\u00bb2&#8243; depth_hover=\u00bb5&#8243; link=\u00bbhttps:\/\/www.appointnow.com\/?P=3080&amp;O=106&amp;PT=0&amp;campaignID=GASANTAPAULA&amp;rnd=637670367723736282&#8243;] [\/text_box] [&hellip;]<\/p>\n","protected":false},"author":2,"featured_media":18609,"parent":0,"menu_order":0,"comment_status":"closed","ping_status":"closed","template":"","meta":{"_dh1s_disable_theme_title":"0","footnotes":""},"class_list":["post-16516","page","type-page","status-publish","has-post-thumbnail","hentry"],"_links":{"self":[{"href":"https:\/\/santapauladentists.com\/es\/wp-json\/wp\/v2\/pages\/16516","targetHints":{"allow":["GET"]}}],"collection":[{"href":"https:\/\/santapauladentists.com\/es\/wp-json\/wp\/v2\/pages"}],"about":[{"href":"https:\/\/santapauladentists.com\/es\/wp-json\/wp\/v2\/types\/page"}],"author":[{"embeddable":true,"href":"https:\/\/santapauladentists.com\/es\/wp-json\/wp\/v2\/users\/2"}],"replies":[{"embeddable":true,"href":"https:\/\/santapauladentists.com\/es\/wp-json\/wp\/v2\/comments?post=16516"}],"version-history":[{"count":0,"href":"https:\/\/santapauladentists.com\/es\/wp-json\/wp\/v2\/pages\/16516\/revisions"}],"wp:featuredmedia":[{"embeddable":true,"href":"https:\/\/santapauladentists.com\/es\/wp-json\/wp\/v2\/media\/18609"}],"wp:attachment":[{"href":"https:\/\/santapauladentists.com\/es\/wp-json\/wp\/v2\/media?parent=16516"}],"curies":[{"name":"wp","href":"https:\/\/api.w.org\/{rel}","templated":true}]}}